{"id":9,"date":"2020-07-09T11:56:00","date_gmt":"2020-07-09T09:56:00","guid":{"rendered":"http:\/\/ibpartner.wp.dev.seaio\/de\/?page_id=9"},"modified":"2024-03-18T09:28:49","modified_gmt":"2024-03-18T07:28:49","slug":"firma","status":"publish","type":"page","link":"https:\/\/www.ibpartner.ch\/de\/firma\/","title":{"rendered":"Firma"},"content":{"rendered":"<div id=\"pl-9\"  class=\"panel-layout\" ><div id=\"pg-9-0\"  class=\"panel-grid panel-no-style\" ><div id=\"pgc-9-0-0\"  class=\"panel-grid-cell\" ><div id=\"panel-9-0-0-0\" class=\"so-panel widget widget_ibpartnervideo-widget panel-first-child\" data-index=\"0\" ><div\n\t\t\t\n\t\t\tclass=\"so-widget-ibpartnervideo-widget so-widget-ibpartnervideo-widget-base\"\n\t\t\t\n\t\t>\n        <div class=\"uk-container uk-margin-auto\">\n            <div class=\"video\" style=\"position: relative;\">\n                                            <div class=\"videoItem\">\n                                            <div class=\"videoWrapper\"><iframe loading=\"lazy\" src=\"https:\/\/player.vimeo.com\/video\/461374800?outro=nothing&portrait=false&title=false&byline=false\" width=\"100%\" height=\"360\" frameborder=\"0\" allow=\"fullscreen\" allowfullscreen><\/iframe><\/div>\n                                    <\/div>\n                                                                                <\/div>\n        <\/div>\n        <\/div><\/div><div id=\"panel-9-0-0-1\" class=\"so-panel widget widget_ibpartnertextaccordion-widget\" data-index=\"1\" ><div\n\t\t\t\n\t\t\tclass=\"so-widget-ibpartnertextaccordion-widget so-widget-ibpartnertextaccordion-widget-base\"\n\t\t\t\n\t\t>\n\n\n<div class=\"textaccordionWidget textaccordionColor_2\">\n        <div class=\"uk-container uk-margin-auto\">\n            <h1><p>Freude an Ihren Zahlen<\/p>\n<\/h1>\n                <div class=\"standardText uk-padding uk-padding-remove-bottom uk-padding-remove-top \"><p>Ihre Zahlen sind unser Antrieb und gemeinsamer Nenner. Ob gross oder klein, wir tragen sie alle auf H\u00e4nden.<\/p>\n<\/div>\n        <ul uk-accordion>\n        <li>\n                            <div class=\"uk-accordion-content uk-padding uk-padding-remove-top uk-padding-remove-bottom \">\n                    <p>Wir h\u00f6ren zu, fragen nach, schlagen vor, buchen ab und setzen auf. Geduldig, pragmatisch, respektvoll und verl\u00e4sslich.<\/p>\n                        <div class=\"uk-text-center\">\n                                                    <div class=\"uk-padding uk-padding-remove-bottom\">\n                                <a href=\"https:\/\/www.ibpartner.ch\/de\/firma\/?geschichte=1\" >IBP-Geschichte<\/a>\n                            <\/div>\n                                                                    <\/div>\n                <\/div>\n                        <div class=\"uk-accordion-title uk-padding uk-padding-remove-bottom uk-padding-remove-left uk-padding-remove-right\">\n                                    <img loading=\"lazy\" decoding=\"async\" class=\"icon-plus\" src=\"\/wp-content\/themes\/ibpartner\/assets\/images\/plus_blau.svg\" width=\"50\" height=\"50\"\/>\n                    <img loading=\"lazy\" decoding=\"async\" class=\"icon-minus\" src=\"\/wp-content\/themes\/ibpartner\/assets\/images\/minus_blau.svg\" width=\"50\" height=\"50\"\/>\n                            <\/div>\n        <\/li>\n    <\/ul>\n    <\/div>\n    <\/div>\n<\/div><\/div><div id=\"panel-9-0-0-2\" class=\"so-panel widget widget_ibpartnervideo-widget\" data-index=\"2\" ><div\n\t\t\t\n\t\t\tclass=\"so-widget-ibpartnervideo-widget so-widget-ibpartnervideo-widget-base\"\n\t\t\t\n\t\t>\n        <div class=\"uk-container uk-margin-auto\">\n            <div class=\"video\" style=\"position: relative;\">\n                                            <div class=\"videoItem\">\n                                            <img decoding=\"async\" src=\"https:\/\/www.ibpartner.ch\/de\/wp-content\/uploads\/sites\/2\/ibp_firma_bild3.png\">\n                                    <\/div>\n                                                                                <\/div>\n        <\/div>\n        <\/div><\/div><div id=\"panel-9-0-0-3\" class=\"so-panel widget widget_ibpartnertextaccordion-widget\" data-index=\"3\" ><div\n\t\t\t\n\t\t\tclass=\"so-widget-ibpartnertextaccordion-widget so-widget-ibpartnertextaccordion-widget-base\"\n\t\t\t\n\t\t>\n\n\n<div class=\"textaccordionWidget textaccordionColor_1\">\n        <div class=\"uk-container uk-margin-auto\">\n            <h1><p>Daf\u00fcr stehen wir ein<\/p>\n<\/h1>\n                <div class=\"standardText uk-padding uk-padding-remove-bottom uk-padding-remove-top \"><p>Wir setzen alles daran, die Gegenwart unserer Kunden zu verstehen, um gemeinsam die Weichen f\u00fcr eine vertrauensvolle und kontinuierliche Zukunft zu stellen.<\/p>\n<\/div>\n        <ul uk-accordion>\n        <li>\n                            <div class=\"uk-accordion-content uk-padding uk-padding-remove-top uk-padding-remove-bottom \">\n                    <p>Wir bauen auf integre und verl\u00e4ssliche Mitarbeitende mit individuell wertvollen Fachkompetenzen und \u00fcberdurchschnittlichem Engagement.<br \/>\n<br \/>\nWir denken pragmatisch und l\u00f6sungsorientiert.<br \/>\n<br \/>\nWir handeln taktvoll, feinf\u00fchlig und respektvoll.<br \/>\n<br \/>\nWir sind hilfsbereit, ehrlich und halten Wort.<br \/>\n<br \/>\nWir sind darauf bedacht, unseren Boutique-Charakter zu bewahren.<br \/>\n<br \/>\nWir sind unabh\u00e4ngig.<br \/>\n<br \/>\nWir sind von Herzen verbunden mit dem Z\u00fcrcher Oberland.<\/p>\n                        <div class=\"uk-text-center\">\n                                                                    <\/div>\n                <\/div>\n                        <div class=\"uk-accordion-title uk-padding uk-padding-remove-bottom uk-padding-remove-left uk-padding-remove-right\">\n                                    <img loading=\"lazy\" decoding=\"async\" class=\"icon-plus\" src=\"\/wp-content\/themes\/ibpartner\/assets\/images\/plus_blau.svg\" width=\"50\" height=\"50\"\/>\n                    <img loading=\"lazy\" decoding=\"async\" class=\"icon-minus\" src=\"\/wp-content\/themes\/ibpartner\/assets\/images\/minus_blau.svg\" width=\"50\" height=\"50\"\/>\n                            <\/div>\n        <\/li>\n    <\/ul>\n    <\/div>\n    <\/div>\n<\/div><\/div><div id=\"panel-9-0-0-4\" class=\"so-panel widget widget_ibpartnervideo-widget\" data-index=\"4\" ><div\n\t\t\t\n\t\t\tclass=\"so-widget-ibpartnervideo-widget so-widget-ibpartnervideo-widget-base\"\n\t\t\t\n\t\t>\n        <div class=\"uk-container uk-margin-auto\">\n            <div class=\"video\" style=\"position: relative;\">\n                                            <div class=\"videoItem\">\n                                            <img decoding=\"async\" src=\"https:\/\/www.ibpartner.ch\/de\/wp-content\/uploads\/sites\/2\/ibp_firma_bild2.png\">\n                                    <\/div>\n                                                                                <\/div>\n        <\/div>\n        <\/div><\/div><div id=\"panel-9-0-0-5\" class=\"so-panel widget widget_ibpartnertextaccordion-widget\" data-index=\"5\" ><div id=\"geschichte\" class=\"panel-widget-style panel-widget-style-for-9-0-0-5\" ><div\n\t\t\t\n\t\t\tclass=\"so-widget-ibpartnertextaccordion-widget so-widget-ibpartnertextaccordion-widget-base\"\n\t\t\t\n\t\t>\n\n\n<div class=\"textaccordionWidget textaccordionColor_3\">\n        <div class=\"uk-container uk-margin-auto\">\n            <h1><p>R\u00fcckblick und \u00dcberblick<\/p>\n<\/h1>\n                <div class=\"whiteTextColor uk-padding uk-padding-remove-bottom uk-padding-remove-top \"><p>Die Geschichte unseres inhabergef\u00fchrten Unternehmens reicht bis in die 1970er-Jahre zur\u00fcck.<\/p>\n<\/div>\n        <ul uk-accordion>\n        <li>\n                            <div class=\"uk-accordion-content uk-padding uk-padding-remove-top uk-padding-remove-bottom WhiteStrongColor \">\n                    <p>Den Grundstein legte Vision\u00e4r und Macher Eugen Iten. Seiner Pionierarbeit verdanken wir ein hervorragendes Netzwerk, weitreichende Beziehungen und einen ausgepr\u00e4gten Qualit\u00e4tssinn.<br \/>\n<br \/>\nSeit 2012 leitet Manuel B\u00fchlmann als Inhaber und Gesch\u00e4ftsf\u00fchrer die Geschicke des Unternehmens. Hinter ihm steht ein gut eingespieltes Team, das einen soliden Kundenstamm mit KMU und Privatpersonen aus dem In- und Ausland betreut.<br \/>\n<br \/>\nMit der Einhaltung von Standesregeln, die strenger sind als die Bestimmungen des Obligationenrechts, verpflichten wir uns schon heute zu regelm\u00e4ssiger Weiterbildung \u2013 damit wir f\u00fcr die Herausforderungen der Zukunft ger\u00fcstet sind.<br \/>\n<br \/>\nIBP geh\u00f6rt mehreren Berufsverb\u00e4nden an.<\/p>\n                        <div class=\"uk-text-center\">\n                                                                    <\/div>\n                <\/div>\n                        <div class=\"uk-accordion-title uk-padding uk-padding-remove-bottom uk-padding-remove-left uk-padding-remove-right\">\n                                    <img loading=\"lazy\" decoding=\"async\" class=\"icon-plus\" src=\"\/wp-content\/themes\/ibpartner\/assets\/images\/plus_weiss.svg\" width=\"50\" height=\"50\"\/>\n                    <img loading=\"lazy\" decoding=\"async\" class=\"icon-minus\" src=\"\/wp-content\/themes\/ibpartner\/assets\/images\/minus_weiss.svg\" width=\"50\" height=\"50\"\/>\n                            <\/div>\n        <\/li>\n    <\/ul>\n    <\/div>\n    <\/div>\n<\/div><\/div><\/div><div id=\"panel-9-0-0-6\" class=\"so-panel widget widget_ibpartnervideo-widget\" data-index=\"6\" ><div\n\t\t\t\n\t\t\tclass=\"so-widget-ibpartnervideo-widget so-widget-ibpartnervideo-widget-base\"\n\t\t\t\n\t\t>\n        <div class=\"uk-container uk-margin-auto\">\n            <div class=\"video\" style=\"position: relative;\">\n                                            <div class=\"videoItem\">\n                                            <img decoding=\"async\" src=\"https:\/\/www.ibpartner.ch\/de\/wp-content\/uploads\/sites\/2\/ibp_firma_bild1.png\">\n                                    <\/div>\n                                                                                <\/div>\n        <\/div>\n        <\/div><\/div><div id=\"panel-9-0-0-7\" class=\"so-panel widget widget_ibpartnerteaser-widget\" data-index=\"7\" ><div\n\t\t\t\n\t\t\tclass=\"so-widget-ibpartnerteaser-widget so-widget-ibpartnerteaser-widget-base\"\n\t\t\t\n\t\t>\n\n    <div class=\"uk-width-1-1 teaserColor_2\">\n        <div class=\"teaserContainer uk-container uk-margin-auto\">\n                                <div class=\"teaserContentNoImage standardBox\">\n                                                    <h1>Team<\/h1>\n                            <div class=\"teaserText\">IBP setzt seit jeher auf fundierte Treuhanderfahrung, <br \/>\ngepaart mit einer gesunden Portion jugendlichem Schwung.<\/div>\n                                                \n        <div class=\"uk-text-center button\"><a  href=\"https:\/\/www.ibpartner.ch\/de\/team\/\">Mitarbeiter<\/a><\/div>\n\n                                <\/h3>\n                    <\/div>\n                    <\/div>\n    <\/div>\n\n     <\/div><\/div><div id=\"panel-9-0-0-8\" class=\"so-panel widget widget_ibpartnerteaser-widget\" data-index=\"8\" ><div\n\t\t\t\n\t\t\tclass=\"so-widget-ibpartnerteaser-widget so-widget-ibpartnerteaser-widget-base\"\n\t\t\t\n\t\t>\n\n    <div class=\"uk-width-1-1 teaserColor_1\">\n        <div class=\"teaserContainer uk-container uk-margin-auto\">\n                                <img decoding=\"async\" src=\"https:\/\/www.ibpartner.ch\/de\/wp-content\/uploads\/sites\/2\/trusty.png\" \/>\n                    <div class=\"uk-overlay uk-light uk-position-bottom teaserContentOverlay standardBox\">\n                                                <h3>DIE ERKL\u00c4RSERIE<\/h3>\n                                                        \n        <div class=\"uk-text-center button\"><a  href=\"https:\/\/www.ibpartner.ch\/de\/trusty\/\">Mehr<\/a><\/div>\n\n                                <\/h3>\n                    <\/div>\n                    <\/div>\n    <\/div>\n\n     <\/div><\/div><div id=\"panel-9-0-0-9\" class=\"so-panel widget widget_ibpartnerteaser-widget panel-last-child\" data-index=\"9\" ><div\n\t\t\t\n\t\t\tclass=\"so-widget-ibpartnerteaser-widget so-widget-ibpartnerteaser-widget-base\"\n\t\t\t\n\t\t>\n\n    <div class=\"uk-width-1-1 teaserColor_1\">\n        <div class=\"teaserContainer uk-container uk-margin-auto\">\n                                <img decoding=\"async\" src=\"https:\/\/www.ibpartner.ch\/de\/wp-content\/uploads\/sites\/2\/Grill__Chill_2024_m_Text-scaled.jpg\" \/>\n                    <div class=\"teaserContentNonOverlay standardBox\">\n                                                    <h1>Save  the date!<\/h1>\n                            <div class=\"teaserText\">Nach Grill &amp; Chill ist vor Grill &amp; Chill. <br \/>\nUnseren Party-G\u00e4sten 2023 w\u00fcnschen wir viel Spass beim Durchsehen der <a href='https:\/\/www.ibpartner.ch\/de\/galerie\/grill-chill-2023\/'>Party-Fotos!<\/a><br \/>\nF\u00fcr die, die nicht dabei sein konnten, aber auch die, die sich bereits nach dem Remake sehnen: am 6. Juni 2024 ist es wieder soweit!\n<\/div>\n                                                \n        <div class=\"uk-text-center button\"><a  href=\"https:\/\/www.ibpartner.ch\/de\/grill-chill\/\">Mehr<\/a><\/div>\n\n                                <\/h3>\n                    <\/div>\n                    <\/div>\n    <\/div>\n\n     <\/div><\/div><\/div><\/div><\/div>","protected":false},"excerpt":{"rendered":"<p>Freude an Ihren Zahlen Ihre Zahlen sind unser Antrieb und gemeinsamer Nenner. Ob gross oder klein, wir tragen sie alle auf H\u00e4nden. Wir h\u00f6ren zu, fragen nach, schlagen vor, buchen ab und setzen auf. Geduldig, pragmatisch, respektvoll und verl\u00e4sslich. IBP-Geschichte Daf\u00fcr stehen wir ein Wir setzen alles daran, die Gegenwart unserer Kunden zu verstehen, um [&hellip;]<\/p>\n","protected":false},"author":1,"featured_media":0,"parent":0,"menu_order":30,"comment_status":"closed","ping_status":"closed","template":"","meta":{"footnotes":""},"class_list":["post-9","page","type-page","status-publish","hentry"],"_links":{"self":[{"href":"https:\/\/www.ibpartner.ch\/de\/wp-json\/wp\/v2\/pages\/9","targetHints":{"allow":["GET"]}}],"collection":[{"href":"https:\/\/www.ibpartner.ch\/de\/wp-json\/wp\/v2\/pages"}],"about":[{"href":"https:\/\/www.ibpartner.ch\/de\/wp-json\/wp\/v2\/types\/page"}],"author":[{"embeddable":true,"href":"https:\/\/www.ibpartner.ch\/de\/wp-json\/wp\/v2\/users\/1"}],"replies":[{"embeddable":true,"href":"https:\/\/www.ibpartner.ch\/de\/wp-json\/wp\/v2\/comments?post=9"}],"version-history":[{"count":6,"href":"https:\/\/www.ibpartner.ch\/de\/wp-json\/wp\/v2\/pages\/9\/revisions"}],"predecessor-version":[{"id":1947,"href":"https:\/\/www.ibpartner.ch\/de\/wp-json\/wp\/v2\/pages\/9\/revisions\/1947"}],"wp:attachment":[{"href":"https:\/\/www.ibpartner.ch\/de\/wp-json\/wp\/v2\/media?parent=9"}],"curies":[{"name":"wp","href":"https:\/\/api.w.org\/{rel}","templated":true}]}}