{"id":2,"date":"2020-07-09T08:14:59","date_gmt":"2020-07-09T08:14:59","guid":{"rendered":"http:\/\/ibpartner.wp.dev.seaio\/de\/?page_id=2"},"modified":"2026-03-31T10:58:19","modified_gmt":"2026-03-31T08:58:19","slug":"beispiel-seite","status":"publish","type":"page","link":"https:\/\/www.ibpartner.ch\/de\/","title":{"rendered":"Home"},"content":{"rendered":"<div id=\"pl-2\"  class=\"panel-layout\" ><div id=\"pg-2-0\"  class=\"panel-grid panel-no-style\" ><div id=\"pgc-2-0-0\"  class=\"panel-grid-cell\" ><div id=\"panel-2-0-0-0\" class=\"so-panel widget widget_ibpartnervideo-widget panel-first-child\" data-index=\"0\" ><div\n\t\t\t\n\t\t\tclass=\"so-widget-ibpartnervideo-widget so-widget-ibpartnervideo-widget-base\"\n\t\t\t\n\t\t>\n        <div class=\"uk-container uk-margin-auto\">\n            <div class=\"video\" style=\"position: relative;\">\n                                            <div class=\"videoItem\">\n                                            <div class=\"videoWrapper\"><iframe loading=\"lazy\" src=\"https:\/\/player.vimeo.com\/video\/461374800?outro=nothing&portrait=false&title=false&byline=false\" width=\"100%\" height=\"360\" frameborder=\"0\" allow=\"fullscreen\" allowfullscreen><\/iframe><\/div>\n                                    <\/div>\n                                                                                <\/div>\n        <\/div>\n        <\/div><\/div><div id=\"panel-2-0-0-1\" class=\"so-panel widget widget_ibpartnertextaccordion-widget\" data-index=\"1\" ><div\n\t\t\t\n\t\t\tclass=\"so-widget-ibpartnertextaccordion-widget so-widget-ibpartnertextaccordion-widget-base\"\n\t\t\t\n\t\t>\n\n\n<div class=\"textaccordionWidget textaccordionColor_2\">\n        <div class=\"uk-container uk-margin-auto\">\n            <h1><p>Freude an Ihren Zahlen<\/p>\n<\/h1>\n                <div class=\"standardText uk-padding uk-padding-remove-bottom uk-padding-remove-top \"><p>Ihre Zahlen sind unser Antrieb und gemeinsamer Nenner. Ob gross oder klein, wir tragen sie alle auf H\u00e4nden. <\/p>\n<\/div>\n        <ul uk-accordion>\n        <li>\n                            <div class=\"uk-accordion-content uk-padding uk-padding-remove-top uk-padding-remove-bottom \">\n                    <p>Wir h\u00f6ren zu, fragen nach, schlagen vor, buchen ab und setzen auf. Geduldig, pragmatisch, respektvoll und verl\u00e4sslich.<\/p>\n                        <div class=\"uk-text-center\">\n                                                    <div class=\"uk-padding uk-padding-remove-bottom\">\n                                <a href=\"https:\/\/www.ibpartner.ch\/de\/firma\/?geschichte=1\" >IBP-Geschichte<\/a>\n                            <\/div>\n                                                                    <\/div>\n                <\/div>\n                        <div class=\"uk-accordion-title uk-padding uk-padding-remove-bottom uk-padding-remove-left uk-padding-remove-right\">\n                                    <img loading=\"lazy\" decoding=\"async\" class=\"icon-plus\" src=\"\/wp-content\/themes\/ibpartner\/assets\/images\/plus_blau.svg\" width=\"50\" height=\"50\"\/>\n                    <img loading=\"lazy\" decoding=\"async\" class=\"icon-minus\" src=\"\/wp-content\/themes\/ibpartner\/assets\/images\/minus_blau.svg\" width=\"50\" height=\"50\"\/>\n                            <\/div>\n        <\/li>\n    <\/ul>\n    <\/div>\n    <\/div>\n<\/div><\/div><div id=\"panel-2-0-0-2\" class=\"so-panel widget widget_ibpartnermitarbeiterkategorien-widget\" data-index=\"2\" ><div\n\t\t\t\n\t\t\tclass=\"so-widget-ibpartnermitarbeiterkategorien-widget so-widget-ibpartnermitarbeiterkategorien-widget-base\"\n\t\t\t\n\t\t>\n   <div class=\"uk-container mitarbeiterKategorieBox uk-margin-large-top\">\n       <div class=\"mitarbeiterKategorieContainer uk-grid-match uk-grid-collapse uk-child-width-expand@s uk-margin-auto\" uk-grid>\n                                                                <div class=\"uk-width-1-1 uk-width-1-2@m mitarbeiterKategorieGridElement\">\n                                                    <a href=\"https:\/\/www.ibpartner.ch\/de\/angebot?kategorie=20_treuhand\" title=\"20_treuhand\">\n                                <div class=\"uk-card mitarbeiterKategorieGrid\">\n                                    <div class=\"mitarbeiterKategorieGridTitle\">Treuhand<\/div>\n                                    <div class=\"mitarbeiterKategorieImage\">\n                                        <img loading=\"lazy\" decoding=\"async\" src=\"\/wp-content\/themes\/ibpartner\/assets\/images\/plus_grau.svg\" width=\"30\" height=\"30\"\/>\n                                    <\/div>\n                                <\/div>\n                            <\/a>\n                        <\/div>\n                                                                        <div class=\"uk-width-1-1 uk-width-1-2@m mitarbeiterKategorieGridElement\">\n                                                    <a href=\"https:\/\/www.ibpartner.ch\/de\/angebot?kategorie=30_steuern\" title=\"30_steuern\">\n                                <div class=\"uk-card mitarbeiterKategorieGrid\">\n                                    <div class=\"mitarbeiterKategorieGridTitle\">Steuern<\/div>\n                                    <div class=\"mitarbeiterKategorieImage\">\n                                        <img loading=\"lazy\" decoding=\"async\" src=\"\/wp-content\/themes\/ibpartner\/assets\/images\/plus_grau.svg\" width=\"30\" height=\"30\"\/>\n                                    <\/div>\n                                <\/div>\n                            <\/a>\n                        <\/div>\n                                                                        <div class=\"uk-width-1-1 uk-width-1-2@m mitarbeiterKategorieGridElement\">\n                                                    <a href=\"https:\/\/www.ibpartner.ch\/de\/angebot?kategorie=40_immobilien\" title=\"40_immobilien\">\n                                <div class=\"uk-card mitarbeiterKategorieGrid\">\n                                    <div class=\"mitarbeiterKategorieGridTitle\">Immobilien<\/div>\n                                    <div class=\"mitarbeiterKategorieImage\">\n                                        <img loading=\"lazy\" decoding=\"async\" src=\"\/wp-content\/themes\/ibpartner\/assets\/images\/plus_grau.svg\" width=\"30\" height=\"30\"\/>\n                                    <\/div>\n                                <\/div>\n                            <\/a>\n                        <\/div>\n                                                                        <div class=\"uk-width-1-1 uk-width-1-2@m mitarbeiterKategorieGridElement\">\n                                                    <a href=\"https:\/\/www.ibpartner.ch\/de\/angebot?kategorie=50_erbschaften\" title=\"50_erbschaften\">\n                                <div class=\"uk-card mitarbeiterKategorieGrid\">\n                                    <div class=\"mitarbeiterKategorieGridTitle\">Erbschaften<\/div>\n                                    <div class=\"mitarbeiterKategorieImage\">\n                                        <img loading=\"lazy\" decoding=\"async\" src=\"\/wp-content\/themes\/ibpartner\/assets\/images\/plus_grau.svg\" width=\"30\" height=\"30\"\/>\n                                    <\/div>\n                                <\/div>\n                            <\/a>\n                        <\/div>\n                                                                        <div class=\"uk-width-1-1 mitarbeiterKategorieGridElement\">\n                                                    <a href=\"https:\/\/www.ibpartner.ch\/de\/angebot?kategorie=60_unternehmensnachfolge\" title=\"60_unternehmensnachfolge\">\n                                <div class=\"uk-card mitarbeiterKategorieGrid\">\n                                    <div class=\"mitarbeiterKategorieGridTitle\">Unternehmens\u00adnachfolge<\/div>\n                                    <div class=\"mitarbeiterKategorieImage\">\n                                        <img loading=\"lazy\" decoding=\"async\" src=\"\/wp-content\/themes\/ibpartner\/assets\/images\/plus_grau.svg\" width=\"30\" height=\"30\"\/>\n                                    <\/div>\n                                <\/div>\n                            <\/a>\n                        <\/div>\n                            <\/div>\n    <\/div>\n    <\/div><\/div><div id=\"panel-2-0-0-3\" class=\"so-panel widget widget_ibpartnermitarbeitergrid-widget\" data-index=\"3\" ><div\n\t\t\t\n\t\t\tclass=\"so-widget-ibpartnermitarbeitergrid-widget so-widget-ibpartnermitarbeitergrid-widget-base\"\n\t\t\t\n\t\t>\n    <div class=\"uk-container mitarbeiterGridBox\">\n        <div class=\"uk-margin-large uk-margin-medium-top\">\n            <h1>Team<\/h1>\n        <\/div>\n        <a title=\"Team\" href=\"https:\/\/www.ibpartner.ch\/de\/team\">\n            <div uk-grid class=\"uk-grid-small uk-grid-collapse mitarbeiterGrid\" id=\"maGrid\">\n                                            <div class=\"uk-width-1-2 uk-child-width-1-2 uk-text-center uk-margin-remove uk-padding-remove mitarbeiterGridElement\">\n                            <div class=\"mitarbeiterGridImage uk-margin-remove uk-padding-remove\">\n                                <img decoding=\"async\" src=\"https:\/\/www.ibpartner.ch\/de\/wp-content\/uploads\/sites\/2\/Dario_Moriggia.jpg\" width=\"375\" class=\"imgBackground uk-margin-remove\"\/>\n                            <\/div>\n                        <\/div>\n                                                <div class=\"uk-width-1-2 uk-child-width-1-2 uk-text-center uk-margin-remove uk-padding-remove mitarbeiterGridElement\">\n                            <div class=\"mitarbeiterGridImage uk-margin-remove uk-padding-remove\">\n                                <img decoding=\"async\" src=\"https:\/\/www.ibpartner.ch\/de\/wp-content\/uploads\/sites\/2\/silvia_meier.jpg\" width=\"375\" class=\"imgBackground uk-margin-remove\"\/>\n                            <\/div>\n                        <\/div>\n                                                <div class=\"uk-width-1-2 uk-child-width-1-2 uk-text-center uk-margin-remove uk-padding-remove mitarbeiterGridElement\">\n                            <div class=\"mitarbeiterGridImage uk-margin-remove uk-padding-remove\">\n                                <img decoding=\"async\" src=\"https:\/\/www.ibpartner.ch\/de\/wp-content\/uploads\/sites\/2\/Regula-2.jpg\" width=\"375\" class=\"imgBackground uk-margin-remove\"\/>\n                            <\/div>\n                        <\/div>\n                                                <div class=\"uk-width-1-2 uk-child-width-1-2 uk-text-center uk-margin-remove uk-padding-remove mitarbeiterGridElement\">\n                            <div class=\"mitarbeiterGridImage uk-margin-remove uk-padding-remove\">\n                                <img decoding=\"async\" src=\"https:\/\/www.ibpartner.ch\/de\/wp-content\/uploads\/sites\/2\/Bettina-2.jpg\" width=\"375\" class=\"imgBackground uk-margin-remove\"\/>\n                            <\/div>\n                        <\/div>\n                                        <div class=\"mitarbeiterGridBorder uk-margin-remove-top\"><\/div>\n            <\/div>\n        <\/a>\n    <\/div>\n    <\/div><\/div><div id=\"panel-2-0-0-4\" class=\"so-panel widget widget_ibpartnertextaccordion-widget\" data-index=\"4\" ><div\n\t\t\t\n\t\t\tclass=\"so-widget-ibpartnertextaccordion-widget so-widget-ibpartnertextaccordion-widget-base\"\n\t\t\t\n\t\t>\n\n\n<div class=\"textaccordionWidget textaccordionColor_1\">\n        <div class=\"uk-container uk-margin-auto\">\n            <ul uk-accordion>\n        <li>\n                            <div class=\"uk-accordion-content uk-padding uk-padding-remove-top uk-padding-remove-bottom \">\n                    <p>Menschen mit jugendlichem Schwung und fundierter Treuhanderfahrung \u2013 das ist IBP.<\/p>\n                        <div class=\"uk-text-center\">\n                                                    <div class=\"uk-padding uk-padding-remove-bottom\">\n                                <a href=\"https:\/\/www.ibpartner.ch\/de\/team\/\" >Team<\/a>\n                            <\/div>\n                                                                    <\/div>\n                <\/div>\n                        <div class=\"uk-accordion-title uk-padding uk-padding-remove-bottom uk-padding-remove-left uk-padding-remove-right\">\n                                    <img loading=\"lazy\" decoding=\"async\" class=\"icon-plus\" src=\"\/wp-content\/themes\/ibpartner\/assets\/images\/plus_blau.svg\" width=\"50\" height=\"50\"\/>\n                    <img loading=\"lazy\" decoding=\"async\" class=\"icon-minus\" src=\"\/wp-content\/themes\/ibpartner\/assets\/images\/minus_blau.svg\" width=\"50\" height=\"50\"\/>\n                            <\/div>\n        <\/li>\n    <\/ul>\n    <\/div>\n    <\/div>\n<\/div><\/div><div id=\"panel-2-0-0-5\" class=\"so-panel widget widget_ibpartnerteaser-widget\" data-index=\"5\" ><div\n\t\t\t\n\t\t\tclass=\"so-widget-ibpartnerteaser-widget so-widget-ibpartnerteaser-widget-base\"\n\t\t\t\n\t\t>\n\n    <div class=\"uk-width-1-1 teaserColor_1\">\n        <div class=\"teaserContainer uk-container uk-margin-auto\">\n                                <img decoding=\"async\" src=\"https:\/\/www.ibpartner.ch\/de\/wp-content\/uploads\/sites\/2\/trusty.png\" \/>\n                    <div class=\"uk-overlay uk-light uk-position-bottom teaserContentOverlay standardBox\">\n                                                <h3>DIE ERKL\u00c4RSERIE<\/h3>\n                                                        \n        <div class=\"uk-text-center button\"><a  href=\"https:\/\/www.ibpartner.ch\/de\/trusty\/\">Mehr<\/a><\/div>\n\n                                <\/h3>\n                    <\/div>\n                    <\/div>\n    <\/div>\n\n     <\/div><\/div><div id=\"panel-2-0-0-6\" class=\"so-panel widget widget_ibpartnertextaccordion-widget\" data-index=\"6\" ><div\n\t\t\t\n\t\t\tclass=\"so-widget-ibpartnertextaccordion-widget so-widget-ibpartnertextaccordion-widget-base\"\n\t\t\t\n\t\t>\n\n\n<div class=\"textaccordionWidget textaccordionColor_2\">\n        <div class=\"uk-container uk-margin-auto\">\n            <h1><p>Daf\u00fcr stehen wir ein<\/p>\n<\/h1>\n                <div class=\"standardText uk-padding uk-padding-remove-bottom uk-padding-remove-top \"><p>Wir setzen alles daran, die Gegenwart unserer Kunden zu verstehen,  um gemeinsam die Weichen f\u00fcr eine vertrauensvolle und kontinuierliche Zukunft zu stellen.<\/p>\n<\/div>\n        <ul uk-accordion>\n        <li>\n                            <div class=\"uk-accordion-content uk-padding uk-padding-remove-top uk-padding-remove-bottom \">\n                    <p>Wir z\u00e4hlen auf integre und verl\u00e4ssliche Mitarbeitende mit individuell wertvollen Fachkompetenzen und \u00fcberdurchschnittlichem Engagement.<br \/>\n&nbsp;<br \/>\nWir denken pragmatisch und l\u00f6sungsorientiert.<br \/>\n&nbsp;<br \/>\nWir handeln taktvoll, feinf\u00fchlig und respektvoll.<br \/>\n&nbsp;<br \/>\nWir sind hilfsbereit, ehrlich und halten Wort.<br \/>\n&nbsp;<br \/>\nWir sind ein inhabergef\u00fchrtes und unabh\u00e4ngiges Unternehmen mit Boutique-Charakter, verankert im Z\u00fcrcher Oberland.<\/p>\n                        <div class=\"uk-text-center\">\n                                                    <div class=\"uk-padding uk-padding-remove-bottom\">\n                                <a href=\"https:\/\/www.ibpartner.ch\/de\/firma\/?geschichte=1\" >IBP-Geschichte<\/a>\n                            <\/div>\n                                                                    <\/div>\n                <\/div>\n                        <div class=\"uk-accordion-title uk-padding uk-padding-remove-bottom uk-padding-remove-left uk-padding-remove-right\">\n                                    <img loading=\"lazy\" decoding=\"async\" class=\"icon-plus\" src=\"\/wp-content\/themes\/ibpartner\/assets\/images\/plus_blau.svg\" width=\"50\" height=\"50\"\/>\n                    <img loading=\"lazy\" decoding=\"async\" class=\"icon-minus\" src=\"\/wp-content\/themes\/ibpartner\/assets\/images\/minus_blau.svg\" width=\"50\" height=\"50\"\/>\n                            <\/div>\n        <\/li>\n    <\/ul>\n    <\/div>\n    <\/div>\n<\/div><\/div><div id=\"panel-2-0-0-7\" class=\"so-panel widget widget_ibpartnerteaser-widget\" data-index=\"7\" ><div\n\t\t\t\n\t\t\tclass=\"so-widget-ibpartnerteaser-widget so-widget-ibpartnerteaser-widget-base\"\n\t\t\t\n\t\t>\n\n    <div class=\"uk-width-1-1 teaserColor_1\">\n        <div class=\"teaserContainer uk-container uk-margin-auto\">\n                                <img decoding=\"async\" src=\"https:\/\/www.ibpartner.ch\/de\/wp-content\/uploads\/sites\/2\/grill_chil_2026.jpg\" \/>\n                    <div class=\"teaserContentNonOverlay standardBox\">\n                                                    <h1>Grill &amp; Thrill, \u00e4h ...<\/h1>\n                            <div class=\"teaserText\">Jetzt dick anstreichen in der Agenda: 4. Juni 2026 ab 16 Uhr! <\/div>\n                                                \n        <div class=\"uk-text-center button\"><a  href=\"https:\/\/www.ibpartner.ch\/de\/grill-chill\/\">Jetzt anmelden<\/a><\/div>\n\n                                <\/h3>\n                    <\/div>\n                    <\/div>\n    <\/div>\n\n     <\/div><\/div><div id=\"panel-2-0-0-8\" class=\"so-panel widget widget_ibpartnertrennlinie-widget\" data-index=\"8\" ><div\n\t\t\t\n\t\t\tclass=\"so-widget-ibpartnertrennlinie-widget so-widget-ibpartnertrennlinie-widget-base\"\n\t\t\t\n\t\t>\n    <div class=\"blueLine\"><\/div>\n\n    <\/div><\/div><div id=\"panel-2-0-0-9\" class=\"so-panel widget widget_ibpartnerteaser-widget panel-last-child\" data-index=\"9\" ><div\n\t\t\t\n\t\t\tclass=\"so-widget-ibpartnerteaser-widget so-widget-ibpartnerteaser-widget-base\"\n\t\t\t\n\t\t>\n\n    <div class=\"uk-width-1-1 teaserColor_1\">\n        <div class=\"teaserContainer uk-container uk-margin-auto\">\n                                <div class=\"teaserContentType4 standardBox\">\n                                                    <h1>S\u2019Z\u00fcri Oberland, Euses Dehei.<\/h1>\n                            <div class=\"teaserText\"><\/div>\n                            <img decoding=\"async\" src=\"https:\/\/www.ibpartner.ch\/de\/wp-content\/uploads\/sites\/2\/standort.png\" \/>\n                                                \n        <div class=\"uk-text-center button\"><a  href=\"https:\/\/www.ibpartner.ch\/de\/standort\/\">Mehr<\/a><\/div>\n\n                                <\/h3>\n                    <\/div>\n                        <\/div>\n    <\/div>\n\n     <\/div><\/div><\/div><\/div><\/div>","protected":false},"excerpt":{"rendered":"<p>Freude an Ihren Zahlen Ihre Zahlen sind unser Antrieb und gemeinsamer Nenner. Ob gross oder klein, wir tragen sie alle auf H\u00e4nden. Wir h\u00f6ren zu, fragen nach, schlagen vor, buchen ab und setzen auf. Geduldig, pragmatisch, respektvoll und verl\u00e4sslich. IBP-Geschichte Treuhand Steuern Immobilien Erbschaften Unternehmens\u00adnachfolge Team Menschen mit jugendlichem Schwung und fundierter Treuhanderfahrung \u2013 das [&hellip;]<\/p>\n","protected":false},"author":1,"featured_media":0,"parent":0,"menu_order":0,"comment_status":"closed","ping_status":"open","template":"page-ohnetitle.php","meta":{"footnotes":""},"class_list":["post-2","page","type-page","status-publish","hentry"],"_links":{"self":[{"href":"https:\/\/www.ibpartner.ch\/de\/wp-json\/wp\/v2\/pages\/2","targetHints":{"allow":["GET"]}}],"collection":[{"href":"https:\/\/www.ibpartner.ch\/de\/wp-json\/wp\/v2\/pages"}],"about":[{"href":"https:\/\/www.ibpartner.ch\/de\/wp-json\/wp\/v2\/types\/page"}],"author":[{"embeddable":true,"href":"https:\/\/www.ibpartner.ch\/de\/wp-json\/wp\/v2\/users\/1"}],"replies":[{"embeddable":true,"href":"https:\/\/www.ibpartner.ch\/de\/wp-json\/wp\/v2\/comments?post=2"}],"version-history":[{"count":5,"href":"https:\/\/www.ibpartner.ch\/de\/wp-json\/wp\/v2\/pages\/2\/revisions"}],"predecessor-version":[{"id":369,"href":"https:\/\/www.ibpartner.ch\/de\/wp-json\/wp\/v2\/pages\/2\/revisions\/369"}],"wp:attachment":[{"href":"https:\/\/www.ibpartner.ch\/de\/wp-json\/wp\/v2\/media?parent=2"}],"curies":[{"name":"wp","href":"https:\/\/api.w.org\/{rel}","templated":true}]}}