{"id":1935,"date":"2023-11-20T10:49:31","date_gmt":"2023-11-20T08:49:31","guid":{"rendered":"https:\/\/www.ibpartner.ch\/de\/?page_id=1935"},"modified":"2023-11-20T10:50:24","modified_gmt":"2023-11-20T08:50:24","slug":"arbeiten-bei-ibp","status":"publish","type":"page","link":"https:\/\/www.ibpartner.ch\/de\/arbeiten-bei-ibp\/","title":{"rendered":"Arbeiten bei IBP"},"content":{"rendered":"<div id=\"pl-1935\"  class=\"panel-layout\" ><div id=\"pg-1935-0\"  class=\"panel-grid panel-no-style\" ><div id=\"pgc-1935-0-0\"  class=\"panel-grid-cell\" ><div id=\"panel-1935-0-0-0\" class=\"so-panel widget widget_ibpartnertextaccordion-widget panel-first-child panel-last-child\" data-index=\"0\" ><div\n\t\t\t\n\t\t\tclass=\"so-widget-ibpartnertextaccordion-widget so-widget-ibpartnertextaccordion-widget-base\"\n\t\t\t\n\t\t>\n\n\n<div class=\"textaccordionWidget textaccordionColor_1\">\n        <div class=\"uk-container uk-margin-auto\">\n            <h1><p>Arbeiten bei IBP<\/p>\n<\/h1>\n                <div class=\"standardText uk-padding uk-padding-remove-bottom uk-padding-remove-top \"><p>Bist du das Plus, das in unserer positiven Erfolgsrechnung auf keinen Fall fehlen darf?<\/p>\n<\/div>\n        <ul uk-accordion>\n        <li>\n                            <div class=\"uk-accordion-content uk-padding uk-padding-remove-top uk-padding-remove-bottom \">\n                    <p>Aktuell gibt es bei uns zwar keine Variable, die unbedingt besetzt werden m\u00fcsste. Wenn du als Treuh\u00e4nder\/in mit eidg. FA aber an abwechslungsreichen, spannenden Arbeiten w\u00e4chst und als Teamplayer\/in mit ehrlichem Auftreten in famili\u00e4rem Umfeld zu einer ausgewogenen Gleichung beitr\u00e4gst, dann freut sich Herr Manuel B\u00fchlmann auf Deine Spontanbewerbung:<br \/>\n&nbsp;<br \/>\n&nbsp;<\/p>\n<p><a href=\"mailto:manuel.buehlmann@ibpartner.ch\">manuel.buehlmann@ibpartner.ch<\/a><\/p>\n                        <div class=\"uk-text-center\">\n                                                                    <\/div>\n                <\/div>\n                        <div class=\"uk-accordion-title uk-padding uk-padding-remove-bottom uk-padding-remove-left uk-padding-remove-right\">\n                                    <img loading=\"lazy\" decoding=\"async\" class=\"icon-plus\" src=\"\/wp-content\/themes\/ibpartner\/assets\/images\/plus_blau.svg\" width=\"50\" height=\"50\"\/>\n                    <img loading=\"lazy\" decoding=\"async\" class=\"icon-minus\" src=\"\/wp-content\/themes\/ibpartner\/assets\/images\/minus_blau.svg\" width=\"50\" height=\"50\"\/>\n                            <\/div>\n        <\/li>\n    <\/ul>\n    <\/div>\n    <\/div>\n<\/div><\/div><\/div><\/div><div id=\"pg-1935-1\"  class=\"panel-grid panel-has-style\" ><div class=\"panel-row-style panel-row-style-for-1935-1\" ><div id=\"pgc-1935-1-0\"  class=\"panel-grid-cell\" ><div id=\"panel-1935-1-0-0\" class=\"so-panel widget widget_ibpartnertextaccordion-widget panel-first-child panel-last-child\" data-index=\"1\" ><div\n\t\t\t\n\t\t\tclass=\"so-widget-ibpartnertextaccordion-widget so-widget-ibpartnertextaccordion-widget-base\"\n\t\t\t\n\t\t>\n\n\n<div class=\"textaccordionWidget textaccordionColor_1\">\n        <div class=\"uk-container uk-margin-auto\">\n            <h1><p>Arbeiten bei IBP<\/p>\n<\/h1>\n                <div class=\"standardText uk-padding uk-padding-remove-bottom uk-padding-remove-top \"><p>Hier kommt der effektive JobTitel jeweils rein<\/p>\n<\/div>\n        <ul uk-accordion>\n        <li>\n                            <div class=\"uk-accordion-content uk-padding uk-padding-remove-top uk-padding-remove-bottom \">\n                    <p>Bist du die exakt passende Variable in unserer positiven Erfolgsrechnung, welche an abwechslungsreichen, spannenden Arbeiten w\u00e4chst und als Teamplayer\/in mit ehrlichem Auftreten in famili\u00e4rem Umfeld zu einer ausgewogenen Gleichung beitr\u00e4gt?<br \/>\n&nbsp;<br \/>\n&nbsp;<br \/>\n<strong>Dann sollten wir uns unbedingt kennenlernen!<\/strong><br \/>\n&nbsp;<br \/>\n&nbsp;<br \/>\nManuel B\u00fchlmann freut sich auf deine Kontaktaufnahme:<br \/>\n<a href=\"mailto:manuel.buehlmann@ibpartner.ch\">manuel.buehlmann@ibpartner.ch<\/a> oder <a href=\"tel:+41434882020\">043 488 20 20<\/a><\/p>\n                        <div class=\"uk-text-center\">\n                                                                    <\/div>\n                <\/div>\n                        <div class=\"uk-accordion-title uk-padding uk-padding-remove-bottom uk-padding-remove-left uk-padding-remove-right\">\n                                    <img loading=\"lazy\" decoding=\"async\" class=\"icon-plus\" src=\"\/wp-content\/themes\/ibpartner\/assets\/images\/plus_blau.svg\" width=\"50\" height=\"50\"\/>\n                    <img loading=\"lazy\" decoding=\"async\" class=\"icon-minus\" src=\"\/wp-content\/themes\/ibpartner\/assets\/images\/minus_blau.svg\" width=\"50\" height=\"50\"\/>\n                            <\/div>\n        <\/li>\n    <\/ul>\n    <\/div>\n    <\/div>\n<\/div><\/div><\/div><\/div><\/div><\/div>","protected":false},"excerpt":{"rendered":"<p>Arbeiten bei IBP Bist du das Plus, das in unserer positiven Erfolgsrechnung auf keinen Fall fehlen darf? Aktuell gibt es bei uns zwar keine Variable, die unbedingt besetzt werden m\u00fcsste. Wenn du als Treuh\u00e4nder\/in mit eidg. FA aber an abwechslungsreichen, spannenden Arbeiten w\u00e4chst und als Teamplayer\/in mit ehrlichem Auftreten in famili\u00e4rem Umfeld zu einer ausgewogenen [&hellip;]<\/p>\n","protected":false},"author":1,"featured_media":0,"parent":0,"menu_order":75,"comment_status":"closed","ping_status":"closed","template":"page-ohnetitle.php","meta":{"footnotes":""},"class_list":["post-1935","page","type-page","status-publish","hentry"],"_links":{"self":[{"href":"https:\/\/www.ibpartner.ch\/de\/wp-json\/wp\/v2\/pages\/1935","targetHints":{"allow":["GET"]}}],"collection":[{"href":"https:\/\/www.ibpartner.ch\/de\/wp-json\/wp\/v2\/pages"}],"about":[{"href":"https:\/\/www.ibpartner.ch\/de\/wp-json\/wp\/v2\/types\/page"}],"author":[{"embeddable":true,"href":"https:\/\/www.ibpartner.ch\/de\/wp-json\/wp\/v2\/users\/1"}],"replies":[{"embeddable":true,"href":"https:\/\/www.ibpartner.ch\/de\/wp-json\/wp\/v2\/comments?post=1935"}],"version-history":[{"count":4,"href":"https:\/\/www.ibpartner.ch\/de\/wp-json\/wp\/v2\/pages\/1935\/revisions"}],"predecessor-version":[{"id":1939,"href":"https:\/\/www.ibpartner.ch\/de\/wp-json\/wp\/v2\/pages\/1935\/revisions\/1939"}],"wp:attachment":[{"href":"https:\/\/www.ibpartner.ch\/de\/wp-json\/wp\/v2\/media?parent=1935"}],"curies":[{"name":"wp","href":"https:\/\/api.w.org\/{rel}","templated":true}]}}