{"id":17,"date":"2020-07-09T12:04:24","date_gmt":"2020-07-09T10:04:24","guid":{"rendered":"http:\/\/ibpartner.wp.dev.seaio\/de\/?page_id=17"},"modified":"2022-06-21T10:10:50","modified_gmt":"2022-06-21T08:10:50","slug":"standort","status":"publish","type":"page","link":"https:\/\/www.ibpartner.ch\/de\/standort\/","title":{"rendered":"Euses Dehei"},"content":{"rendered":"<div id=\"pl-17\"  class=\"panel-layout\" ><div id=\"pg-17-0\"  class=\"panel-grid panel-no-style\" ><div id=\"pgc-17-0-0\"  class=\"panel-grid-cell\" ><div id=\"panel-17-0-0-0\" class=\"so-panel widget widget_ibpartnertextaccordion-widget panel-first-child\" data-index=\"0\" ><div\n\t\t\t\n\t\t\tclass=\"so-widget-ibpartnertextaccordion-widget so-widget-ibpartnertextaccordion-widget-base\"\n\t\t\t\n\t\t>\n\n\n<div class=\"textaccordionWidget textaccordionColor_1\">\n        <div class=\"uk-container uk-margin-auto\">\n            <h1><p>Mehr als nur ein Standort<\/p>\n<\/h1>\n                <div class=\"standardText uk-padding uk-padding-remove-bottom uk-padding-remove-top \"><p>Das Z\u00fcrcher Oberland ist ein prosperierender Lebens- und Wirtschaftsraum, der uns am Herzen liegt.<\/p>\n<\/div>\n        <ul uk-accordion>\n        <li>\n                            <div class=\"uk-accordion-content uk-padding uk-padding-remove-top uk-padding-remove-bottom \">\n                    <p>IBP ist hier verankert und viele unserer Mitarbeitenden leben in der Region. Engagements f\u00fcr ausgesuchte Vereine und Stiftungen sind uns wichtig.<\/p>\n                        <div class=\"uk-text-center\">\n                                                    <div class=\"uk-padding uk-padding-remove-bottom\">\n                                <a href=\"https:\/\/www.ibpartner.ch\/de\/firma\/?geschichte=1\" >IBP-Geschichte<\/a>\n                            <\/div>\n                                                                    <\/div>\n                <\/div>\n                        <div class=\"uk-accordion-title uk-padding uk-padding-remove-bottom uk-padding-remove-left uk-padding-remove-right\">\n                                    <img loading=\"lazy\" decoding=\"async\" class=\"icon-plus\" src=\"\/wp-content\/themes\/ibpartner\/assets\/images\/plus_blau.svg\" width=\"50\" height=\"50\"\/>\n                    <img loading=\"lazy\" decoding=\"async\" class=\"icon-minus\" src=\"\/wp-content\/themes\/ibpartner\/assets\/images\/minus_blau.svg\" width=\"50\" height=\"50\"\/>\n                            <\/div>\n        <\/li>\n    <\/ul>\n    <\/div>\n    <\/div>\n<\/div><\/div><div id=\"panel-17-0-0-1\" class=\"so-panel widget widget_ibpartnervideo-widget\" data-index=\"1\" ><div\n\t\t\t\n\t\t\tclass=\"so-widget-ibpartnervideo-widget so-widget-ibpartnervideo-widget-base\"\n\t\t\t\n\t\t>\n        <div class=\"uk-container uk-margin-auto\">\n            <div class=\"video\" style=\"position: relative;\">\n                                            <div class=\"videoItem\">\n                                            <img decoding=\"async\" src=\"https:\/\/www.ibpartner.ch\/de\/wp-content\/uploads\/sites\/2\/Harmonie_Wetzikon_Titelbild.png\">\n                                    <\/div>\n                                                                                <\/div>\n        <\/div>\n        <\/div><\/div><div id=\"panel-17-0-0-2\" class=\"so-panel widget widget_ibpartnertextaccordion-widget\" data-index=\"2\" ><div\n\t\t\t\n\t\t\tclass=\"so-widget-ibpartnertextaccordion-widget so-widget-ibpartnertextaccordion-widget-base\"\n\t\t\t\n\t\t>\n\n\n<div class=\"textaccordionWidgetNoPadding textaccordionColor_1\">\n            <div class=\"uk-container uk-margin-auto\">\n            <ul uk-accordion>\n                <li>\n                    <div class=\"uk-accordion-content uk-margin-remove-top\">\n                                                            <img decoding=\"async\" src=\"https:\/\/www.ibpartner.ch\/de\/wp-content\/uploads\/sites\/2\/Harmonie_Wetzikon_Bild_4-1.png\" width=\"100%\">\n                                                                    <img decoding=\"async\" src=\"https:\/\/www.ibpartner.ch\/de\/wp-content\/uploads\/sites\/2\/Harmonie_Wetzikon_Bild_3-1.png\" width=\"100%\">\n                                                        <div class=\"uk-padding uk-padding-remove-bottom\">\n                                                                                    <p>Das 1875 gegr\u00fcndete Stadtmusikensemble z\u00e4hlt rund 50 Aktivmitglieder. Es sorgt bei \u00f6rtlichen Musikfesten, Platzkonzerten und Kreismusiktagen sowohl in Wetzikon als auch \u00fcber die Gemeindegrenzen hinaus<br \/>\nf\u00fcr das musikalische Rahmenprogramm.<br \/>\n<br \/>\nTraditionelle Marsch- und Blasmusik geh\u00f6ren genauso zu dessen Repertoire wie moderne Unterhaltungsmusik.<br \/>\nUnterst\u00fctzt wird der Verein unter anderem von Sponsoren, Freunden und G\u00f6nnern. <\/p>\n                            <div class=\"uk-text-center\">\n                                                                    <div class=\"uk-padding uk-padding-remove-bottom\">\n                                        <a href=\"http:\/\/www.harmonie-wetzikon.ch\"  target=\"_blank\">Harmonie Wetzikon<\/a>\n                                    <\/div>\n                                                                                            <\/div>\n                        <\/div>\n                    <\/div>\n                    <div class=\"uk-accordion-title uk-padding-large uk-padding-remove-left uk-padding-remove-right\">\n                                                    <img loading=\"lazy\" decoding=\"async\" class=\"icon-plus\" src=\"\/wp-content\/themes\/ibpartner\/assets\/images\/plus_blau.svg\" width=\"50\" height=\"50\"\/>\n                            <img loading=\"lazy\" decoding=\"async\" class=\"icon-minus\" src=\"\/wp-content\/themes\/ibpartner\/assets\/images\/minus_blau.svg\" width=\"50\" height=\"50\"\/>\n                                            <\/div>\n                <\/li>\n            <\/ul>\n        <\/div>\n    <\/div>\n<\/div><\/div><div id=\"panel-17-0-0-3\" class=\"so-panel widget widget_ibpartnervideo-widget\" data-index=\"3\" ><div\n\t\t\t\n\t\t\tclass=\"so-widget-ibpartnervideo-widget so-widget-ibpartnervideo-widget-base\"\n\t\t\t\n\t\t>\n        <div class=\"uk-container uk-margin-auto\">\n            <div class=\"video\" style=\"position: relative;\">\n                                            <div class=\"videoItem\">\n                                            <img decoding=\"async\" src=\"https:\/\/www.ibpartner.ch\/de\/wp-content\/uploads\/sites\/2\/Andreas_Weber_Stiftung_Titelbild.png\">\n                                    <\/div>\n                                                                                <\/div>\n        <\/div>\n        <\/div><\/div><div id=\"panel-17-0-0-4\" class=\"so-panel widget widget_ibpartnertextaccordion-widget\" data-index=\"4\" ><div\n\t\t\t\n\t\t\tclass=\"so-widget-ibpartnertextaccordion-widget so-widget-ibpartnertextaccordion-widget-base\"\n\t\t\t\n\t\t>\n\n\n<div class=\"textaccordionWidgetNoPadding textaccordionColor_1\">\n            <div class=\"uk-container uk-margin-auto\">\n            <ul uk-accordion>\n                <li>\n                    <div class=\"uk-accordion-content uk-margin-remove-top\">\n                                                            <img decoding=\"async\" src=\"https:\/\/www.ibpartner.ch\/de\/wp-content\/uploads\/sites\/2\/Andreas_Weber_Stiftung_Bild_2-1.png\" width=\"100%\">\n                                                                    <img decoding=\"async\" src=\"https:\/\/www.ibpartner.ch\/de\/wp-content\/uploads\/sites\/2\/Andreas_Weber_Stiftung_Bild_3-1.png\" width=\"100%\">\n                                                        <div class=\"uk-padding uk-padding-remove-bottom\">\n                                                                                    <p>Die 2016 gegr\u00fcndete gemeinn\u00fctzige Andreas Weber Stiftung f\u00f6rdert die Entwicklung neuer Pflege- und Betreuungsformen im Z\u00fcrcher Oberland.<br \/>\n<br \/>\nDer Stiftungszweck besteht darin, unheilbar kranken Menschen und insbesondere auch bed\u00fcrftigen Patientinnen und Patienten zu erm\u00f6glichen, die letzte Phase ihres Lebens zu Hause zu verbringen. Ausserdem setzt sich die Stiftung f\u00fcr Forschungsprojekte ein, welche die Linderung von Leiden schwerkranker Menschen zum Ziel haben.<br \/>\n<br \/>\nDie Stiftung ist politisch und religi\u00f6s unabh\u00e4ngig. Sie ist auf Spenden angewiesen.<\/p>\n                            <div class=\"uk-text-center\">\n                                                                    <div class=\"uk-padding uk-padding-remove-bottom\">\n                                        <a href=\"http:\/\/www.andreasweberstiftung.ch\"  target=\"_blank\">Andreas Weber Stiftung<\/a>\n                                    <\/div>\n                                                                                            <\/div>\n                        <\/div>\n                    <\/div>\n                    <div class=\"uk-accordion-title uk-padding-large uk-padding-remove-left uk-padding-remove-right\">\n                                                    <img loading=\"lazy\" decoding=\"async\" class=\"icon-plus\" src=\"\/wp-content\/themes\/ibpartner\/assets\/images\/plus_blau.svg\" width=\"50\" height=\"50\"\/>\n                            <img loading=\"lazy\" decoding=\"async\" class=\"icon-minus\" src=\"\/wp-content\/themes\/ibpartner\/assets\/images\/minus_blau.svg\" width=\"50\" height=\"50\"\/>\n                                            <\/div>\n                <\/li>\n            <\/ul>\n        <\/div>\n    <\/div>\n<\/div><\/div><div id=\"panel-17-0-0-5\" class=\"so-panel widget widget_ibpartnertextaccordion-widget panel-last-child\" data-index=\"5\" ><div\n\t\t\t\n\t\t\tclass=\"so-widget-ibpartnertextaccordion-widget so-widget-ibpartnertextaccordion-widget-base\"\n\t\t\t\n\t\t>\n\n\n<div class=\"textaccordionWidget textaccordionColor_3\">\n        <div class=\"uk-container uk-margin-auto\">\n            <h1><p>M\u00f6chten auch Sie etwas beitragen?<\/p>\n<\/h1>\n                <div class=\"whiteTextColor uk-padding uk-padding-remove-bottom uk-padding-remove-top \"><p>Ob Sponsoring oder ehrenamtliche Mitarbeit:<\/p>\n<\/div>\n        <ul uk-accordion>\n        <li>\n                            <div class=\"uk-accordion-content uk-padding uk-padding-remove-top uk-padding-remove-bottom WhiteStrongColor \">\n                    <p>Gerne biete ich Hand, nutze f\u00fcr Sie unser Netzwerk und verbinde Sie mit der entsprechenden Stelle:<br \/>\n&nbsp;<br \/>\nManuel B\u00fchlmann<br \/>\n<a href=\"mailto:manuel.buehlmann@ibpartner.ch\">manuel.buehlmann@ibpartner.ch<\/a><br \/>\nT 043 488 20 26<\/p>\n                        <div class=\"uk-text-center\">\n                                                                    <\/div>\n                <\/div>\n                        <div class=\"uk-accordion-title uk-padding uk-padding-remove-bottom uk-padding-remove-left uk-padding-remove-right\">\n                                    <img loading=\"lazy\" decoding=\"async\" class=\"icon-plus\" src=\"\/wp-content\/themes\/ibpartner\/assets\/images\/plus_weiss.svg\" width=\"50\" height=\"50\"\/>\n                    <img loading=\"lazy\" decoding=\"async\" class=\"icon-minus\" src=\"\/wp-content\/themes\/ibpartner\/assets\/images\/minus_weiss.svg\" width=\"50\" height=\"50\"\/>\n                            <\/div>\n        <\/li>\n    <\/ul>\n    <\/div>\n    <\/div>\n<\/div><\/div><\/div><\/div><\/div>","protected":false},"excerpt":{"rendered":"<p>Mehr als nur ein Standort Das Z\u00fcrcher Oberland ist ein prosperierender Lebens- und Wirtschaftsraum, der uns am Herzen liegt. IBP ist hier verankert und viele unserer Mitarbeitenden leben in der Region. Engagements f\u00fcr ausgesuchte Vereine und Stiftungen sind uns wichtig. IBP-Geschichte Das 1875 gegr\u00fcndete Stadtmusikensemble z\u00e4hlt rund 50 Aktivmitglieder. Es sorgt bei \u00f6rtlichen Musikfesten, Platzkonzerten [&hellip;]<\/p>\n","protected":false},"author":1,"featured_media":0,"parent":0,"menu_order":70,"comment_status":"closed","ping_status":"closed","template":"","meta":{"footnotes":""},"class_list":["post-17","page","type-page","status-publish","hentry"],"_links":{"self":[{"href":"https:\/\/www.ibpartner.ch\/de\/wp-json\/wp\/v2\/pages\/17","targetHints":{"allow":["GET"]}}],"collection":[{"href":"https:\/\/www.ibpartner.ch\/de\/wp-json\/wp\/v2\/pages"}],"about":[{"href":"https:\/\/www.ibpartner.ch\/de\/wp-json\/wp\/v2\/types\/page"}],"author":[{"embeddable":true,"href":"https:\/\/www.ibpartner.ch\/de\/wp-json\/wp\/v2\/users\/1"}],"replies":[{"embeddable":true,"href":"https:\/\/www.ibpartner.ch\/de\/wp-json\/wp\/v2\/comments?post=17"}],"version-history":[{"count":6,"href":"https:\/\/www.ibpartner.ch\/de\/wp-json\/wp\/v2\/pages\/17\/revisions"}],"predecessor-version":[{"id":1141,"href":"https:\/\/www.ibpartner.ch\/de\/wp-json\/wp\/v2\/pages\/17\/revisions\/1141"}],"wp:attachment":[{"href":"https:\/\/www.ibpartner.ch\/de\/wp-json\/wp\/v2\/media?parent=17"}],"curies":[{"name":"wp","href":"https:\/\/api.w.org\/{rel}","templated":true}]}}