{"id":157,"date":"2020-07-14T14:05:57","date_gmt":"2020-07-14T12:05:57","guid":{"rendered":"http:\/\/ibpartner.wp.dev.seaio\/de\/?page_id=157"},"modified":"2022-06-21T10:10:43","modified_gmt":"2022-06-21T08:10:43","slug":"trusty","status":"publish","type":"page","link":"https:\/\/www.ibpartner.ch\/de\/trusty\/","title":{"rendered":"Trusty"},"content":{"rendered":"<div id=\"pl-157\"  class=\"panel-layout\" ><div id=\"pg-157-0\"  class=\"panel-grid panel-no-style\" ><div id=\"pgc-157-0-0\"  class=\"panel-grid-cell\" ><div id=\"panel-157-0-0-0\" class=\"so-panel widget widget_ibpartnertextaccordion-widget panel-first-child\" data-index=\"0\" ><div\n\t\t\t\n\t\t\tclass=\"so-widget-ibpartnertextaccordion-widget so-widget-ibpartnertextaccordion-widget-base\"\n\t\t\t\n\t\t>\n\n\n<div class=\"textaccordionWidget textaccordionColor_1\">\n        <div class=\"uk-container uk-margin-auto\">\n            <h1><p>Trusty - die Erkl\u00e4rserie<\/p>\n<\/h1>\n                <div class=\"standardText uk-padding uk-padding-remove-bottom uk-padding-remove-top \"><p>Komplex, kompliziert oder nur halb so wild? <\/p>\n<\/div>\n        <ul uk-accordion>\n        <li>\n                            <div class=\"uk-accordion-content uk-padding uk-padding-remove-top uk-padding-remove-bottom \">\n                    <p>In unserer Erkl\u00e4rserie beleuchtet der Protagonist Trusty Sachverhalte, die einfach klingen, in der Praxis aber ziemlich knifflig sein k\u00f6nnen. Er zeigt auf, wie sich einfach Gedachtes kompliziert entwickeln kann und zu welchem Zeitpunkt am besten ein Fachmann beigezogen wird.<\/p>\n                        <div class=\"uk-text-center\">\n                                                                    <\/div>\n                <\/div>\n                        <div class=\"uk-accordion-title uk-padding uk-padding-remove-bottom uk-padding-remove-left uk-padding-remove-right\">\n                                    <img loading=\"lazy\" decoding=\"async\" class=\"icon-plus\" src=\"\/wp-content\/themes\/ibpartner\/assets\/images\/plus_blau.svg\" width=\"50\" height=\"50\"\/>\n                    <img loading=\"lazy\" decoding=\"async\" class=\"icon-minus\" src=\"\/wp-content\/themes\/ibpartner\/assets\/images\/minus_blau.svg\" width=\"50\" height=\"50\"\/>\n                            <\/div>\n        <\/li>\n    <\/ul>\n    <\/div>\n    <\/div>\n<\/div><\/div><div id=\"panel-157-0-0-1\" class=\"so-panel widget widget_ibpartnervideo-widget\" data-index=\"1\" ><div\n\t\t\t\n\t\t\tclass=\"so-widget-ibpartnervideo-widget so-widget-ibpartnervideo-widget-base\"\n\t\t\t\n\t\t>\n        <div class=\"uk-container uk-margin-auto\">\n            <div class=\"video\" style=\"position: relative;\">\n                                            <div class=\"videoItem\">\n                                            <div class=\"videoWrapper\"><iframe loading=\"lazy\" src=\"https:\/\/player.vimeo.com\/video\/451859157?outro=nothing&portrait=false&title=false&byline=false\" width=\"100%\" height=\"360\" frameborder=\"0\" allow=\"fullscreen\" allowfullscreen><\/iframe><\/div>\n                                    <\/div>\n                                                                                <\/div>\n        <\/div>\n        <\/div><\/div><div id=\"panel-157-0-0-2\" class=\"so-panel widget widget_ibpartnercontent-widget\" data-index=\"2\" ><div\n\t\t\t\n\t\t\tclass=\"so-widget-ibpartnercontent-widget so-widget-ibpartnercontent-widget-base\"\n\t\t\t\n\t\t><div class=\"uk-width-1-1 contentColor_1\">\n    <div class=\"uk-container uk-margin-auto content content-\">\n        <div class=\"uk-padding\">\n                                    <div><h4>Konkubinat<\/h4>\n<p>Die in der Schweiz neben der Ehe am h\u00e4ufigsten gew\u00e4hlte Form des Zusammenlebens<\/p>\n<p>birgt ein nicht zu untersch\u00e4tzendes finanzielles Risiko. Es sei denn \u2026<\/p>\n<\/div>        <\/div>\n    <\/div>\n<\/div>\n<\/div><\/div><div id=\"panel-157-0-0-3\" class=\"so-panel widget widget_ibpartnervideo-widget\" data-index=\"3\" ><div\n\t\t\t\n\t\t\tclass=\"so-widget-ibpartnervideo-widget so-widget-ibpartnervideo-widget-base\"\n\t\t\t\n\t\t>\n        <div class=\"uk-container uk-margin-auto\">\n            <div class=\"video\" style=\"position: relative;\">\n                                            <div class=\"videoItem\">\n                                            <div class=\"videoWrapper\"><iframe loading=\"lazy\" src=\"https:\/\/player.vimeo.com\/video\/451859094?outro=nothing&portrait=false&title=false&byline=false\" width=\"100%\" height=\"360\" frameborder=\"0\" allow=\"fullscreen\" allowfullscreen><\/iframe><\/div>\n                                    <\/div>\n                                                                                <\/div>\n        <\/div>\n        <\/div><\/div><div id=\"panel-157-0-0-4\" class=\"so-panel widget widget_ibpartnercontent-widget panel-last-child\" data-index=\"4\" ><div\n\t\t\t\n\t\t\tclass=\"so-widget-ibpartnercontent-widget so-widget-ibpartnercontent-widget-base\"\n\t\t\t\n\t\t><div class=\"uk-width-1-1 contentColor_1\">\n    <div class=\"uk-container uk-margin-auto content content-\">\n        <div class=\"uk-padding\">\n                                    <div><h4>Verwaltung<\/h4>\n<p>Immobilien selber zu verwalten kann Spass machen. Vorausgesetzt man hat gen\u00fcgend Zeit,<\/p>\n<p>das Gesp\u00fcr f\u00fcr den Umgang mit Mietern und weiss, was dabei sonst noch unerl\u00e4sslich ist \u2026<\/p>\n<\/div>        <\/div>\n    <\/div>\n<\/div>\n<\/div><\/div><\/div><\/div><\/div>","protected":false},"excerpt":{"rendered":"<p>Trusty &#8211; die Erkl\u00e4rserie Komplex, kompliziert oder nur halb so wild? In unserer Erkl\u00e4rserie beleuchtet der Protagonist Trusty Sachverhalte, die einfach klingen, in der Praxis aber ziemlich knifflig sein k\u00f6nnen. Er zeigt auf, wie sich einfach Gedachtes kompliziert entwickeln kann und zu welchem Zeitpunkt am besten ein Fachmann beigezogen wird. Konkubinat Die in der Schweiz [&hellip;]<\/p>\n","protected":false},"author":1,"featured_media":0,"parent":0,"menu_order":60,"comment_status":"closed","ping_status":"closed","template":"page-ohnetitle.php","meta":{"footnotes":""},"class_list":["post-157","page","type-page","status-publish","hentry"],"_links":{"self":[{"href":"https:\/\/www.ibpartner.ch\/de\/wp-json\/wp\/v2\/pages\/157","targetHints":{"allow":["GET"]}}],"collection":[{"href":"https:\/\/www.ibpartner.ch\/de\/wp-json\/wp\/v2\/pages"}],"about":[{"href":"https:\/\/www.ibpartner.ch\/de\/wp-json\/wp\/v2\/types\/page"}],"author":[{"embeddable":true,"href":"https:\/\/www.ibpartner.ch\/de\/wp-json\/wp\/v2\/users\/1"}],"replies":[{"embeddable":true,"href":"https:\/\/www.ibpartner.ch\/de\/wp-json\/wp\/v2\/comments?post=157"}],"version-history":[{"count":6,"href":"https:\/\/www.ibpartner.ch\/de\/wp-json\/wp\/v2\/pages\/157\/revisions"}],"predecessor-version":[{"id":1010,"href":"https:\/\/www.ibpartner.ch\/de\/wp-json\/wp\/v2\/pages\/157\/revisions\/1010"}],"wp:attachment":[{"href":"https:\/\/www.ibpartner.ch\/de\/wp-json\/wp\/v2\/media?parent=157"}],"curies":[{"name":"wp","href":"https:\/\/api.w.org\/{rel}","templated":true}]}}