{"id":1207,"date":"2021-05-21T07:34:08","date_gmt":"2021-05-21T05:34:08","guid":{"rendered":"https:\/\/www.ibpartner.ch\/de\/?page_id=1207"},"modified":"2026-03-31T12:22:55","modified_gmt":"2026-03-31T10:22:55","slug":"grill-chill","status":"publish","type":"page","link":"https:\/\/www.ibpartner.ch\/de\/grill-chill\/","title":{"rendered":"Grill &#038; Chill"},"content":{"rendered":"<div id=\"pl-1207\"  class=\"panel-layout\" ><div id=\"pg-1207-0\"  class=\"panel-grid panel-no-style\" ><div id=\"pgc-1207-0-0\"  class=\"panel-grid-cell\" ><div id=\"panel-1207-0-0-0\" class=\"so-panel widget widget_ibpartnertextaccordion-widget panel-first-child\" data-index=\"0\" ><div\n\t\t\t\n\t\t\tclass=\"so-widget-ibpartnertextaccordion-widget so-widget-ibpartnertextaccordion-widget-base\"\n\t\t\t\n\t\t>\n\n\n<div class=\"textaccordionWidget textaccordionColor_1\">\n        <div class=\"uk-container uk-margin-auto\">\n            <h1><p>\u2026 Chill, nat\u00fcrlich!<\/p>\n<\/h1>\n                <div class=\"standardText uk-padding uk-padding-remove-bottom uk-padding-remove-top \"><p>Bloss w\u00fcrzen wir unseren Party-Klassiker dieses Jahr mit einer fakultativen Portion Nervenkitzel. Details zur (noch) geheimen W\u00fcrzmischung folgen mit der pers\u00f6nlichen Einladungskarte per Post! ... <\/p>\n<\/div>\n        <ul uk-accordion>\n        <li>\n                            <div class=\"uk-accordion-content uk-padding uk-padding-remove-top uk-padding-remove-bottom \">\n                    <h4>Wir freuen uns auf Sie &amp; Ihre Begleitung!<\/h4>\n                        <div class=\"uk-text-center\">\n                                                                            <div class=\"uk-padding-small uk-padding-remove-bottom\">\n                                <a href=\"mailto:grill.chill@ibpartner.ch?subject=Anmeldung%20Grill%26Chill%202026\"  target=\"_blank\">Jetzt anmelden<\/a>\n                            <\/div>\n                                            <\/div>\n                <\/div>\n                        <div class=\"uk-accordion-title uk-padding uk-padding-remove-bottom uk-padding-remove-left uk-padding-remove-right\">\n                                    <img loading=\"lazy\" decoding=\"async\" class=\"icon-plus\" src=\"\/wp-content\/themes\/ibpartner\/assets\/images\/plus_blau.svg\" width=\"50\" height=\"50\"\/>\n                    <img loading=\"lazy\" decoding=\"async\" class=\"icon-minus\" src=\"\/wp-content\/themes\/ibpartner\/assets\/images\/minus_blau.svg\" width=\"50\" height=\"50\"\/>\n                            <\/div>\n        <\/li>\n    <\/ul>\n    <\/div>\n    <\/div>\n<\/div><\/div><div id=\"panel-1207-0-0-1\" class=\"so-panel widget widget_ibpartnervideo-widget\" data-index=\"1\" ><div\n\t\t\t\n\t\t\tclass=\"so-widget-ibpartnervideo-widget so-widget-ibpartnervideo-widget-base\"\n\t\t\t\n\t\t>\n        <div class=\"uk-container uk-margin-auto\">\n            <div class=\"video\" style=\"position: relative;\">\n                                            <div class=\"videoItem\">\n                                            <img decoding=\"async\" src=\"https:\/\/www.ibpartner.ch\/de\/wp-content\/uploads\/sites\/2\/Grill_n_Chill_Garten_Bild_3.png\">\n                                    <\/div>\n                                                                                <\/div>\n        <\/div>\n        <\/div><\/div><div id=\"panel-1207-0-0-2\" class=\"so-panel widget widget_ibpartnervideo-widget\" data-index=\"2\" ><div\n\t\t\t\n\t\t\tclass=\"so-widget-ibpartnervideo-widget so-widget-ibpartnervideo-widget-base\"\n\t\t\t\n\t\t>\n        <div class=\"uk-container uk-margin-auto\">\n            <div class=\"video\" style=\"position: relative;\">\n                                            <div class=\"videoItem\">\n                                            <img decoding=\"async\" src=\"https:\/\/www.ibpartner.ch\/de\/wp-content\/uploads\/sites\/2\/Grill_n_Chill_Garten_Bild_2.png\">\n                                    <\/div>\n                                                                                <\/div>\n        <\/div>\n        <\/div><\/div><div id=\"panel-1207-0-0-3\" class=\"so-panel widget widget_ibpartnerteaser-widget panel-last-child\" data-index=\"3\" ><div\n\t\t\t\n\t\t\tclass=\"so-widget-ibpartnerteaser-widget so-widget-ibpartnerteaser-widget-base\"\n\t\t\t\n\t\t>\n\n    <div class=\"uk-width-1-1 teaserColor_3\">\n        <div class=\"teaserContainer uk-container uk-margin-auto\">\n                                <div class=\"teaserContentNoImage standardBox\">\n                                                    <h1>Jetzt schon anmelden?<\/h1>\n                            <div class=\"teaserText\">Mit einem knappen \u00abja, ich\/wir komme\/n\u00bb sind Sie am 4. Juni 2026 am Start und wir bereits auf halbem Weg zum Ziel, Sie dabei zu haben.<\/div>\n                                                \n        <div class=\"uk-text-center button\"><a  href=\"mailto:grill.chill@ibpartner.ch?subject=Anmeldung%20Grill%26Chill%202026\" target=\"_blank\">Mail<\/a><\/div>\n\n                                <\/h3>\n                    <\/div>\n                    <\/div>\n    <\/div>\n\n     <\/div><\/div><\/div><\/div><\/div>","protected":false},"excerpt":{"rendered":"<p>\u2026 Chill, nat\u00fcrlich! Bloss w\u00fcrzen wir unseren Party-Klassiker dieses Jahr mit einer fakultativen Portion Nervenkitzel. Details zur (noch) geheimen W\u00fcrzmischung folgen mit der pers\u00f6nlichen Einladungskarte per Post! &#8230; Wir freuen uns auf Sie &amp; Ihre Begleitung! Jetzt anmelden Jetzt schon anmelden? Mit einem knappen \u00abja, ich\/wir komme\/n\u00bb sind Sie am 4. Juni 2026 am Start [&hellip;]<\/p>\n","protected":false},"author":1,"featured_media":0,"parent":0,"menu_order":80,"comment_status":"closed","ping_status":"closed","template":"page-ohnetitle.php","meta":{"footnotes":""},"class_list":["post-1207","page","type-page","status-publish","hentry"],"_links":{"self":[{"href":"https:\/\/www.ibpartner.ch\/de\/wp-json\/wp\/v2\/pages\/1207","targetHints":{"allow":["GET"]}}],"collection":[{"href":"https:\/\/www.ibpartner.ch\/de\/wp-json\/wp\/v2\/pages"}],"about":[{"href":"https:\/\/www.ibpartner.ch\/de\/wp-json\/wp\/v2\/types\/page"}],"author":[{"embeddable":true,"href":"https:\/\/www.ibpartner.ch\/de\/wp-json\/wp\/v2\/users\/1"}],"replies":[{"embeddable":true,"href":"https:\/\/www.ibpartner.ch\/de\/wp-json\/wp\/v2\/comments?post=1207"}],"version-history":[{"count":5,"href":"https:\/\/www.ibpartner.ch\/de\/wp-json\/wp\/v2\/pages\/1207\/revisions"}],"predecessor-version":[{"id":2065,"href":"https:\/\/www.ibpartner.ch\/de\/wp-json\/wp\/v2\/pages\/1207\/revisions\/2065"}],"wp:attachment":[{"href":"https:\/\/www.ibpartner.ch\/de\/wp-json\/wp\/v2\/media?parent=1207"}],"curies":[{"name":"wp","href":"https:\/\/api.w.org\/{rel}","templated":true}]}}